{"id":46,"date":"2019-02-21T10:16:44","date_gmt":"2019-02-21T09:16:44","guid":{"rendered":"http:\/\/gers160.fr\/?page_id=46"},"modified":"2019-10-30T14:15:37","modified_gmt":"2019-10-30T13:15:37","slug":"lassociation-bvg","status":"publish","type":"page","link":"https:\/\/gers160.fr\/?page_id=46","title":{"rendered":"Le projet Gers#160"},"content":{"rendered":"\n<p><a href=\"https:\/\/gers160.fr\/?p=267\">Le projet participatif<\/a><\/p>\n\n\n\n<p>Sur le Chemin du Turon \u00e0 Berrac, une trentaine de <strong>balises verticales,<\/strong> panneaux en forme de totem, jalonneront le sentier pour faire d\u00e9couvrir les plantes comestibles qui poussent \u00e0 l\u2019\u00e9tat sauvage dans ce joli coin de nature. Sur chacun d\u2019eux, se trouveront&nbsp; <strong>les \u00e9l\u00e9ments suivants pour chaque plante :&nbsp;<\/strong><\/p>\n\n\n\n<ul class=\"wp-block-list\"><li><strong><em>le&nbsp; nom<\/em><\/strong><em> scientifique ou usuel<\/em><\/li><li><strong><em>la fiche botanique<\/em><\/strong><em> pour l\u2019identifier, la reconna\u00eetre<\/em><\/li><li><strong><em>un QR code<\/em><\/strong><em> associ\u00e9 \u00e0 des donn\u00e9es compl\u00e9mentaires (recettes de cuisine, usages, etc).&nbsp;<\/em><\/li><li><strong><em>Des miniatures, <\/em>reproductions d\u2019oeuvres d\u2019art <\/strong><em>(peintures, dessins, sculptures, objets, ou installations d\u2019art contemporain) <\/em><strong><em>qu\u2019elle a inspir\u00e9 <\/em><\/strong><em>dans l\u2019histoire de l\u2019art et dans l\u2019esprit des artistes participants du concours \u00ab&nbsp;c\u2019est vous l\u2019artiste!&nbsp;\u00bb<\/em><\/li><\/ul>\n\n\n\n<figure class=\"wp-block-image\"><img loading=\"lazy\" decoding=\"async\" width=\"724\" height=\"1024\" src=\"https:\/\/gers160.fr\/wp-content\/uploads\/2019\/04\/CONCOURS-Corrig\u00e9-724x1024.jpg\" alt=\"\" class=\"wp-image-285\" srcset=\"https:\/\/gers160.fr\/wp-content\/uploads\/2019\/04\/CONCOURS-Corrig\u00e9-724x1024.jpg 724w, https:\/\/gers160.fr\/wp-content\/uploads\/2019\/04\/CONCOURS-Corrig\u00e9-212x300.jpg 212w, https:\/\/gers160.fr\/wp-content\/uploads\/2019\/04\/CONCOURS-Corrig\u00e9-768x1086.jpg 768w, https:\/\/gers160.fr\/wp-content\/uploads\/2019\/04\/CONCOURS-Corrig\u00e9.jpg 1240w\" sizes=\"(max-width: 724px) 100vw, 724px\" \/><\/figure>\n\n\n\n<figure class=\"wp-block-image\"><img loading=\"lazy\" decoding=\"async\" width=\"414\" height=\"134\" src=\"https:\/\/gers160.fr\/wp-content\/uploads\/2019\/04\/BVG-logo-2.png\" alt=\"\" class=\"wp-image-271\" srcset=\"https:\/\/gers160.fr\/wp-content\/uploads\/2019\/04\/BVG-logo-2.png 414w, https:\/\/gers160.fr\/wp-content\/uploads\/2019\/04\/BVG-logo-2-300x97.png 300w\" sizes=\"(max-width: 414px) 100vw, 414px\" \/><\/figure>\n","protected":false},"excerpt":{"rendered":"<p>Le projet participatif Sur le Chemin du Turon \u00e0 Berrac, une trentaine de balises verticales, panneaux en forme de totem, jalonneront le sentier pour faire d\u00e9couvrir les plantes comestibles qui poussent \u00e0 l\u2019\u00e9tat sauvage dans ce joli coin de nature. Sur chacun d\u2019eux, se trouveront&nbsp; les \u00e9l\u00e9ments suivants pour chaque plante :&nbsp; le&nbsp; nom scientifique [&hellip;]<\/p>\n","protected":false},"author":4,"featured_media":0,"parent":0,"menu_order":0,"comment_status":"closed","ping_status":"closed","template":"page-full-width.php","meta":{"ngg_post_thumbnail":0,"footnotes":""},"class_list":["post-46","page","type-page","status-publish","hentry"],"_links":{"self":[{"href":"https:\/\/gers160.fr\/index.php?rest_route=\/wp\/v2\/pages\/46"}],"collection":[{"href":"https:\/\/gers160.fr\/index.php?rest_route=\/wp\/v2\/pages"}],"about":[{"href":"https:\/\/gers160.fr\/index.php?rest_route=\/wp\/v2\/types\/page"}],"author":[{"embeddable":true,"href":"https:\/\/gers160.fr\/index.php?rest_route=\/wp\/v2\/users\/4"}],"replies":[{"embeddable":true,"href":"https:\/\/gers160.fr\/index.php?rest_route=%2Fwp%2Fv2%2Fcomments&post=46"}],"version-history":[{"count":13,"href":"https:\/\/gers160.fr\/index.php?rest_route=\/wp\/v2\/pages\/46\/revisions"}],"predecessor-version":[{"id":2072,"href":"https:\/\/gers160.fr\/index.php?rest_route=\/wp\/v2\/pages\/46\/revisions\/2072"}],"wp:attachment":[{"href":"https:\/\/gers160.fr\/index.php?rest_route=%2Fwp%2Fv2%2Fmedia&parent=46"}],"curies":[{"name":"wp","href":"https:\/\/api.w.org\/{rel}","templated":true}]}}